{"id":869,"date":"2018-03-21T04:20:53","date_gmt":"2018-03-21T04:20:53","guid":{"rendered":"http:\/\/themes.radiantthemes.com\/brixel\/?page_id=869"},"modified":"2026-04-01T10:52:18","modified_gmt":"2026-04-01T10:52:18","slug":"contact","status":"publish","type":"page","link":"https:\/\/medentis.ro\/en\/contact\/","title":{"rendered":"Contact"},"content":{"rendered":"<p>[vc_row full_width=&#8221;stretch_row&#8221; equal_height=&#8221;yes&#8221; css_animation=&#8221;none&#8221; css=&#8221;.vc_custom_1521612917477{margin-top: 0px !important;margin-bottom: 0px !important;padding-top: 70px !important;padding-bottom: 40px !important;background-color: #ffffff !important;}&#8221;][vc_column width=&#8221;1\/2&#8243; css=&#8221;.vc_custom_1521612851473{margin-top: 0px !important;margin-bottom: 40px !important;border-right-width: 1px !important;padding-top: 0px !important;padding-right: 35px !important;padding-bottom: 0px !important;padding-left: 35px !important;border-right-color: #eaeaea !important;border-right-style: solid !important;}&#8221; el_class=&#8221;border-right&#8221;][vc_custom_heading text=&#8221;Formular de programare&#8221; font_container=&#8221;tag:h3|font_size:16px|text_align:center|line_height:24px&#8221; use_theme_fonts=&#8221;yes&#8221;]\r<!-- rt-cf7 -->\r<div class=\"radiant-contact-form rtf7615fc4a3c6ba8 element-one \"  >\n<div class=\"wpcf7 no-js\" id=\"wpcf7-f3883-o1\" lang=\"ro-RO\" dir=\"ltr\" data-wpcf7-id=\"3883\">\n<div class=\"screen-reader-response\"><p role=\"status\" aria-live=\"polite\" aria-atomic=\"true\"><\/p> <ul><\/ul><\/div>\n<form action=\"\/en\/wp-json\/wp\/v2\/pages\/869#wpcf7-f3883-o1\" method=\"post\" class=\"wpcf7-form init\" aria-label=\"Formular de contact\" novalidate=\"novalidate\" data-status=\"init\">\n<div style=\"display: none;\">\n<input type=\"hidden\" name=\"_wpcf7\" value=\"3883\" \/>\n<input type=\"hidden\" name=\"_wpcf7_version\" value=\"6.0.6\" \/>\n<input type=\"hidden\" name=\"_wpcf7_locale\" value=\"ro_RO\" \/>\n<input type=\"hidden\" name=\"_wpcf7_unit_tag\" value=\"wpcf7-f3883-o1\" \/>\n<input type=\"hidden\" name=\"_wpcf7_container_post\" value=\"0\" \/>\n<input type=\"hidden\" name=\"_wpcf7_posted_data_hash\" value=\"\" \/>\n<\/div>\n<p><label> Nume(required)<br \/>\n<span class=\"wpcf7-form-control-wrap\" data-name=\"your-name\"><input size=\"40\" maxlength=\"400\" class=\"wpcf7-form-control wpcf7-text wpcf7-validates-as-required\" aria-required=\"true\" aria-invalid=\"false\" value=\"\" type=\"text\" name=\"your-name\" \/><\/span> <\/label>\n<\/p>\n<p><label> Email (required)<br \/>\n<span class=\"wpcf7-form-control-wrap\" data-name=\"your-email\"><input size=\"40\" maxlength=\"400\" class=\"wpcf7-form-control wpcf7-email wpcf7-validates-as-required wpcf7-text wpcf7-validates-as-email\" aria-required=\"true\" aria-invalid=\"false\" value=\"\" type=\"email\" name=\"your-email\" \/><\/span> <\/label>\n<\/p>\n<p><label> Telefon (required)<br \/>\n<span class=\"wpcf7-form-control-wrap\" data-name=\"tel-460\"><input size=\"40\" maxlength=\"400\" class=\"wpcf7-form-control wpcf7-tel wpcf7-validates-as-required wpcf7-text wpcf7-validates-as-tel\" id=\"Telefon\" aria-required=\"true\" aria-invalid=\"false\" value=\"\" type=\"tel\" name=\"tel-460\" \/><\/span><\/label>\n<\/p>\n<p><label> Alege data(required)<br \/>\n        <span  class=\"wpcf7-form-control-wrap datepicker-732\" data-name=\"datepicker-732\">\n        \t<input size=\"40\" class=\"wpcf7-form-control wpcf7-datepicker wpcf7-validates-as-required datepicker gmdpcf_datepicker\" id=\"Alegedata\" format=\"dd-mm-yy\" min_val=\"current|plus|0|days\" max_val=\"no_limit\" disable_weekdays=\"\" aria-required=\"true\" aria-invalid=\"false\" type=\"text\" name=\"datepicker-732\" \/>\n        \t\t\t<\/span >\n        <\/label>\n<\/p>\n<p><label> Programare necesar\u0103 pentru:<br \/>\nEx. Urgen\u021b\u0103, investiga\u021bii clinice \u0219i de diagnostic, igienizare, stomatologie general\u0103, estetic\u0103 dentar\u0103, implant dentar, aparat ortodontic, reabilitare complex\u0103.)<br \/>\n<span class=\"wpcf7-form-control-wrap\" data-name=\"your-message\"><textarea cols=\"40\" rows=\"10\" maxlength=\"2000\" class=\"wpcf7-form-control wpcf7-textarea\" aria-invalid=\"false\" name=\"your-message\"><\/textarea><\/span> <\/label><br \/>\n<div id=\"cf7sr-69f0c55cb6f13\" class=\"cf7sr-g-recaptcha\" data-theme=\"light\" data-type=\"image\" data-size=\"normal\" data-sitekey=\"6LfLnB0qAAAAAEFF53NYRM7goL5L-xiHVxJWWQjM\"><\/div><span class=\"wpcf7-form-control-wrap cf7sr-recaptcha\" data-name=\"cf7sr-recaptcha\"><input type=\"hidden\" name=\"cf7sr-recaptcha\" value=\"\" class=\"wpcf7-form-control\"><\/span><br \/>\n<input class=\"wpcf7-form-control wpcf7-submit has-spinner\" type=\"submit\" value=\"Trimite programarea\" \/>\n<\/p>\n<p>Pentru confirmarea programarii si detalii veti fi contactat\/\u0103 de receptia clinicii in cel mai scurt timp! Va multumim!\n<\/p><div class=\"wpcf7-response-output\" aria-hidden=\"true\"><\/div>\n<\/form>\n<\/div>\n<\/div>\r<!-- rt-cf7 -->\r[\/vc_column][vc_column width=&#8221;1\/2&#8243; css=&#8221;.vc_custom_1521612867891{margin-top: 0px !important;margin-bottom: 40px !important;border-right-width: 1px !important;padding-top: 0px !important;padding-right: 35px !important;padding-bottom: 0px !important;padding-left: 35px !important;border-right-color: #eaeaea !important;border-right-style: solid !important;}&#8221; el_class=&#8221;border-right&#8221;][vc_single_image image=&#8221;929&#8243; img_size=&#8221;full&#8221; alignment=&#8221;center&#8221; css=&#8221;.vc_custom_1521612679608{margin-top: 0px !important;margin-bottom: 10px !important;}&#8221;][vc_single_image image=&#8221;930&#8243; img_size=&#8221;full&#8221; alignment=&#8221;center&#8221; css=&#8221;.vc_custom_1521612698362{margin-top: 0px !important;margin-bottom: 10px !important;}&#8221;][vc_column_text css_animation=&#8221;none&#8221; css=&#8221;.vc_custom_1554023285469{margin-top: 15px !important;margin-bottom: 0px !important;padding-top: 0px !important;padding-right: 0px !important;padding-bottom: 0px !important;padding-left: 0px !important;}&#8221;]<\/p>\n<p style=\"text-align: center;\">Pentru programari si informatii despre serviciile noastre, nu ezitati sa ne sunati!<\/p>\n<p>[\/vc_column_text][vc_custom_heading text=&#8221;&#8221; font_container=&#8221;tag:h4|font_size:16px|text_align:center|color:%23d4b471|line_height:24px&#8221; use_theme_fonts=&#8221;yes&#8221; css=&#8221;.vc_custom_1769537191097{margin-top: 25px !important;margin-bottom: 0px !important;padding-top: 0px !important;padding-bottom: 0px !important;}&#8221;][vc_custom_heading text=&#8221;PROGRAMARI SI INFORMATII&#8221; font_container=&#8221;tag:h3|font_size:16px|text_align:center|line_height:24px&#8221; use_theme_fonts=&#8221;yes&#8221;][vc_custom_heading text=&#8221;EMAIL &amp; SOCIAL MEDIA&#8221; font_container=&#8221;tag:h3|font_size:16px|text_align:center|line_height:24px&#8221; use_theme_fonts=&#8221;yes&#8221;][vc_column_text css_animation=&#8221;none&#8221; css=&#8221;.vc_custom_1554023318552{margin-top: 15px !important;margin-bottom: 0px !important;padding-top: 0px !important;padding-right: 0px !important;padding-bottom: 0px !important;padding-left: 0px !important;}&#8221;]<\/p>\n<p style=\"text-align: center;\">Nu ezitati sa ne trimiteti e-mailuri la adresa de mai jos.<\/p>\n<p>[\/vc_column_text][vc_custom_heading text=&#8221;office@medentis.ro&#8221; font_container=&#8221;tag:h4|font_size:16px|text_align:center|color:%23d4b471|line_height:24px&#8221; use_theme_fonts=&#8221;yes&#8221; css=&#8221;.vc_custom_1554022896091{margin-top: 25px !important;margin-bottom: 0px !important;padding-top: 0px !important;padding-bottom: 0px !important;}&#8221;][vc_custom_heading text=&#8221;Pagina de Facebook Medentis&#8221; font_container=&#8221;tag:h4|font_size:16px|text_align:center|color:%23d4b471|line_height:24px&#8221; use_theme_fonts=&#8221;yes&#8221; css=&#8221;.vc_custom_1554023489975{margin-top: 25px !important;margin-bottom: 0px !important;padding-top: 0px !important;padding-bottom: 0px !important;}&#8221; link=&#8221;url:https%3A%2F%2Fwww.facebook.com%2Fclinicamedentis%2F||target:%20_blank|&#8221;][vc_single_image image=&#8221;931&#8243; img_size=&#8221;full&#8221; alignment=&#8221;center&#8221; css=&#8221;.vc_custom_1521612716049{margin-top: 0px !important;margin-bottom: 10px !important;}&#8221;][vc_custom_heading text=&#8221;LOCATIE&#8221; font_container=&#8221;tag:h3|font_size:16px|text_align:center|line_height:24px&#8221; use_theme_fonts=&#8221;yes&#8221;][vc_column_text css_animation=&#8221;none&#8221; css=&#8221;.vc_custom_1554023348692{margin-top: 15px !important;margin-bottom: 0px !important;padding-top: 0px !important;padding-right: 0px !important;padding-bottom: 0px !important;padding-left: 0px !important;}&#8221;]<\/p>\n<p style=\"text-align: center;\">Nu ezitati sa ne contactati.<\/p>\n<p>[\/vc_column_text][vc_gmaps link=&#8221;&#8221; css=&#8221;.vc_custom_1775037996306{margin-top: 0px !important;margin-bottom: 0px !important;padding-top: 0px !important;padding-bottom: 0px !important;}&#8221; el_class=&#8221;contact-three-map&#8221;][vc_custom_heading text=&#8221;Medias, Jud. Sibiu, Romania&#8221; font_container=&#8221;tag:h4|font_size:16px|text_align:center|color:%23d4b471|line_height:24px&#8221; use_theme_fonts=&#8221;yes&#8221; css=&#8221;.vc_custom_1554022914733{margin-top: 25px !important;margin-bottom: 0px !important;padding-top: 0px !important;padding-bottom: 0px !important;}&#8221;][\/vc_column][\/vc_row][vc_row full_width=&#8221;stretch_row_content_no_spaces&#8221; equal_height=&#8221;yes&#8221; css_animation=&#8221;none&#8221; css=&#8221;.vc_custom_1521613164931{margin-top: 0px !important;margin-bottom: 0px !important;padding-top: 0px !important;padding-bottom: 0px !important;background-color: #ffffff !important;}&#8221;][vc_column css=&#8221;.vc_custom_1521613175033{padding-top: 0px !important;padding-bottom: 0px !important;}&#8221;][\/vc_column][\/vc_row]<\/p>\n","protected":false},"excerpt":{"rendered":"<p>[vc_row full_width=&#8221;stretch_row&#8221; equal_height=&#8221;yes&#8221; css_animation=&#8221;none&#8221; css=&#8221;.vc_custom_1521612917477{margin-top: 0px !important;margin-bottom: 0px !important;padding-top: 70px !important;padding-bottom: 40px !important;background-color: #ffffff !important;}&#8221;][vc_column width=&#8221;1\/2&#8243; css=&#8221;.vc_custom_1521612851473{margin-top: 0px !important;margin-bottom: 40px !important;border-right-width: 1px !important;padding-top: 0px !important;padding-right: 35px !important;padding-bottom: 0px !important;padding-left: 35px !important;border-right-color: #eaeaea !important;border-right-style: solid !important;}&#8221; el_class=&#8221;border-right&#8221;][vc_custom_heading text=&#8221;Formular de programare&#8221; font_container=&#8221;tag:h3|font_size:16px|text_align:center|line_height:24px&#8221; use_theme_fonts=&#8221;yes&#8221;][\/vc_column][vc_column width=&#8221;1\/2&#8243; css=&#8221;.vc_custom_1521612867891{margin-top: 0px !important;margin-bottom: 40px !important;border-right-width: 1px !important;padding-top: 0px !important;padding-right: 35px !important;padding-bottom: 0px !important;padding-left: [&hellip;]<\/p>\n","protected":false},"author":1,"featured_media":0,"parent":0,"menu_order":0,"comment_status":"closed","ping_status":"closed","template":"","meta":{"_monsterinsights_skip_tracking":false,"_monsterinsights_sitenote_active":false,"_monsterinsights_sitenote_note":"","_monsterinsights_sitenote_category":0,"footnotes":""},"class_list":["post-869","page","type-page","status-publish","hentry"],"_links":{"self":[{"href":"https:\/\/medentis.ro\/en\/wp-json\/wp\/v2\/pages\/869","targetHints":{"allow":["GET"]}}],"collection":[{"href":"https:\/\/medentis.ro\/en\/wp-json\/wp\/v2\/pages"}],"about":[{"href":"https:\/\/medentis.ro\/en\/wp-json\/wp\/v2\/types\/page"}],"author":[{"embeddable":true,"href":"https:\/\/medentis.ro\/en\/wp-json\/wp\/v2\/users\/1"}],"replies":[{"embeddable":true,"href":"https:\/\/medentis.ro\/en\/wp-json\/wp\/v2\/comments?post=869"}],"version-history":[{"count":6,"href":"https:\/\/medentis.ro\/en\/wp-json\/wp\/v2\/pages\/869\/revisions"}],"predecessor-version":[{"id":4034,"href":"https:\/\/medentis.ro\/en\/wp-json\/wp\/v2\/pages\/869\/revisions\/4034"}],"wp:attachment":[{"href":"https:\/\/medentis.ro\/en\/wp-json\/wp\/v2\/media?parent=869"}],"curies":[{"name":"wp","href":"https:\/\/api.w.org\/{rel}","templated":true}]}}