{"id":3974,"date":"2024-11-05T16:12:29","date_gmt":"2024-11-05T16:12:29","guid":{"rendered":"https:\/\/medentis.ro\/?page_id=3974"},"modified":"2024-11-05T17:13:02","modified_gmt":"2024-11-05T17:13:02","slug":"parteneri","status":"publish","type":"page","link":"https:\/\/medentis.ro\/en\/parteneri\/","title":{"rendered":"Parteneri"},"content":{"rendered":"<p>[vc_row][vc_column][vc_custom_heading text=&#8221;Parteneri&#8221; css=&#8221;.vc_custom_1730826282957{padding-top: 20px !important;padding-bottom: 20px !important;}&#8221;][\/vc_column][\/vc_row][vc_row][vc_column width=&#8221;1\/2&#8243;][vc_single_image image=&#8221;3975&#8243; img_size=&#8221;medium&#8221; alignment=&#8221;center&#8221; onclick=&#8221;custom_link&#8221; link=&#8221;https:\/\/www.straumann.com\/en\/dental-professionals.html&#8221;][\/vc_column][vc_column width=&#8221;1\/2&#8243;][vc_column_text]<a href=\"https:\/\/www.straumann.com\/en\/dental-professionals.html\">Straumann<\/a> este o companie elve\u021bian\u0103 de top \u00een domeniul implantologiei \u0219i al solu\u021biilor dentare restaurative \u0219i ortodontice. Fondat\u0103 \u00een 1954 de Dr. Ing. Reinhard Straumann \u00een Waldenburg, Elve\u021bia, compania a evoluat de la producerea de aliaje pentru instrumente de precizie la dezvoltarea \u0219i fabricarea de implanturi dentare \u0219i tehnologii conexe.<\/p>\n<p>Ast\u0103zi, <a href=\"https:\/\/www.straumann.com\/en\/dental-professionals.html\">Straumann Group<\/a> ofer\u0103 o gam\u0103 larg\u0103 de produse \u0219i servicii, inclusiv implanturi dentare, proteze, solu\u021bii ortodontice \u0219i tehnologii digitale pentru stomatologie. Compania colaboreaz\u0103 cu clinici, institute de cercetare \u0219i universit\u0103\u021bi pentru a dezvolta solu\u021bii inovatoare \u00een domeniul stomatologiei restaurative \u0219i preventive.[\/vc_column_text][\/vc_column][\/vc_row][vc_row][vc_column][vc_zigzag el_border_width=&#8221;10&#8243;][\/vc_column][\/vc_row][vc_row][vc_column width=&#8221;1\/2&#8243;][vc_column_text]<a href=\"https:\/\/www.melag.com\/en\">MELAG Medizintechnik GmbH<\/a> este o companie german\u0103 de familie, fondat\u0103 \u00een 1951 de Alfred Gebauer \u00een Berlin, specializat\u0103 \u00een dezvoltarea \u0219i produc\u021bia de echipamente pentru reprocesarea instrumentelor medicale \u0219i dentare. De la \u00eenfiin\u021bare, MELAG s-a concentrat exclusiv pe igiena \u00een cabinetele medicale \u0219i stomatologice, devenind un lider mondial \u00een acest domeniu[\/vc_column_text][\/vc_column][vc_column width=&#8221;1\/2&#8243;][vc_single_image image=&#8221;3977&#8243; img_size=&#8221;medium&#8221; alignment=&#8221;center&#8221; onclick=&#8221;custom_link&#8221; link=&#8221;https:\/\/www.melag.com\/en&#8221; css=&#8221;.vc_custom_1730826332211{padding-top: 20px !important;padding-bottom: 20px !important;}&#8221;][\/vc_column][\/vc_row][vc_row][vc_column][vc_zigzag el_border_width=&#8221;10&#8243;][\/vc_column][\/vc_row][vc_row][vc_column width=&#8221;1\/2&#8243;][vc_single_image image=&#8221;3978&#8243; img_size=&#8221;medium&#8221; alignment=&#8221;center&#8221; onclick=&#8221;custom_link&#8221; link=&#8221;https:\/\/www.medit.com\/&#8221; css=&#8221;.vc_custom_1730826346561{padding-top: 20px !important;padding-bottom: 20px !important;}&#8221;][\/vc_column][vc_column width=&#8221;1\/2&#8243;][vc_column_text]<\/p>\n<div id=\"bgLayers_comp-libgit0h1\" class=\"MW5IWV\" data-hook=\"bgLayers\" data-motion-part=\"BG_LAYER\">\n<div id=\"bgMedia_comp-libgit0h1\" class=\"VgO9Yg\" data-motion-part=\"BG_MEDIA\">\n<p><a href=\"https:\/\/medit.com\">Medit<\/a> este o companie sud-coreean\u0103 fondat\u0103 \u00een anul 2000, specializat\u0103 \u00een dezvoltarea \u0219i produc\u021bia de scanere 3D pentru domeniul stomatologic \u0219i industrial. Cu sediul central \u00een Seul, Coreea de Sud, Medit ofer\u0103 solu\u021bii avansate de scanare, inclusiv scanere intraorale \u0219i de laborator, precum \u0219i software dedicat pentru fluxuri de lucru digitale \u00een stomatologie.<\/p>\n<p>Compania este recunoscut\u0103 pentru inova\u021biile sale tehnologice \u0219i pentru angajamentul fa\u021b\u0103 de clien\u021bi, av\u00e2nd o prezen\u021b\u0103 global\u0103 \u00een peste 190 de \u021b\u0103ri \u0219i colabor\u00e2nd cu peste 200 de parteneri. Produsele Medit sunt utilizate de peste 90.000 de profesioni\u0219ti din domeniul stomatologic la nivel mondial.<\/p>\n<\/div>\n<\/div>\n<p>[\/vc_column_text][\/vc_column][\/vc_row][vc_row][vc_column][vc_zigzag el_border_width=&#8221;10&#8243;][\/vc_column][\/vc_row][vc_row][vc_column width=&#8221;1\/2&#8243;][vc_column_text]<a class=\"flex h-[22px] items-center rounded-xl px-2 text-[0.5em] !font-medium uppercase bg-[#f4f4f4] !text-token-text-secondary hover:bg-token-text-primary hover:!text-token-main-surface-secondary dark:bg-token-main-surface-secondary dark:hover:bg-token-text-primary relative top-[-0.094rem]\" href=\"https:\/\/www.planmeca.com\/company\/\" target=\"_blank\" rel=\"noopener\"><span class=\"truncate\">Planmeca<\/span><\/a> este o companie finlandez\u0103 de top \u00een domeniul tehnologiei medicale, specializat\u0103 \u00een proiectarea \u0219i fabricarea de echipamente stomatologice de \u00eenalt\u0103 tehnologie. Fondat\u0103 \u00een 1971 de Heikki Ky\u00f6stil\u00e4 \u00een Helsinki, Finlanda, compania a evoluat de la producerea de scaune \u0219i dulapuri stomatologice la dezvoltarea \u0219i fabricarea de unit\u0103\u021bi dentare digitale, solu\u021bii CAD\/CAM, dispozitive de imagistic\u0103 2D \u0219i 3D \u0219i solu\u021bii software cuprinz\u0103toare.<\/p>\n<p>Ast\u0103zi, Planmeca este cel mai mare produc\u0103tor privat de echipamente stomatologice din lume, cu produse distribuite \u00een peste 120 de \u021b\u0103ri.[\/vc_column_text][\/vc_column][vc_column width=&#8221;1\/2&#8243;][vc_single_image image=&#8221;3979&#8243; img_size=&#8221;medium&#8221; alignment=&#8221;center&#8221; onclick=&#8221;custom_link&#8221; link=&#8221;https:\/\/www.planmeca.com\/&#8221;][\/vc_column][\/vc_row][vc_row][vc_column][vc_zigzag el_border_width=&#8221;10&#8243;][\/vc_column][\/vc_row][vc_row][vc_column width=&#8221;1\/2&#8243;][vc_single_image image=&#8221;3980&#8243; img_size=&#8221;medium&#8221; alignment=&#8221;center&#8221; onclick=&#8221;custom_link&#8221; link=&#8221;https:\/\/www.ems-dental.com\/&#8221; css=&#8221;.vc_custom_1730826381270{padding-top: 20px !important;padding-bottom: 20px !important;}&#8221;][\/vc_column][vc_column width=&#8221;1\/2&#8243;][vc_column_text]<\/p>\n<div id=\"bgLayers_comp-libgit0h1\" class=\"MW5IWV\" data-hook=\"bgLayers\" data-motion-part=\"BG_LAYER\">\n<div id=\"bgMedia_comp-libgit0h1\" class=\"VgO9Yg\" data-motion-part=\"BG_MEDIA\">\n<p><a class=\"flex h-[22px] items-center rounded-xl px-2 text-[0.5em] !font-medium uppercase bg-[#f4f4f4] !text-token-text-secondary hover:bg-token-text-primary hover:!text-token-main-surface-secondary dark:bg-token-main-surface-secondary dark:hover:bg-token-text-primary relative top-[-0.094rem]\" href=\"https:\/\/www.ems-dental.com\/en\/about-ems\" target=\"_blank\" rel=\"noopener\"><span class=\"truncate\">EMS <\/span><\/a>(Electro Medical Systems) este o companie elve\u021bian\u0103 de top \u00een produc\u021bia de dispozitive medicale de precizie pentru profilaxie dentar\u0103, ortopedie \u0219i urologie. Fondat\u0103 \u00een 1981 de Bernd B\u00fchner \u0219i Pierre Mabille \u00een Vall\u00e9e de Joux, Elve\u021bia, EMS continu\u0103 o tradi\u021bie de peste 200 de ani de excelen\u021b\u0103 \u00een precizie \u0219i inova\u021bie.<\/p>\n<p>Cu sediul central \u00een Nyon, Elve\u021bia, EMS are peste 900 de angaja\u021bi califica\u021bi \u0219i specializa\u021bi, dedica\u021bi \u00eembun\u0103t\u0103\u021birii continue a produselor \u0219i serviciilor companiei. Compania este recunoscut\u0103 pentru sistemele sale AIRFLOW\u00ae \u0219i PIEZON\u00ae, care au revolu\u021bionat abordarea \u00een profilaxia dentar\u0103, oferind solu\u021bii eficiente \u0219i confortabile pentru pacien\u021bi.<\/p>\n<p>EMS este lider \u00een profilaxia \u0219i preven\u021bia dentar\u0103, oferind tehnologii avansate precum AIRFLOW\u00ae, PERIOFLOW\u00ae \u0219i PIEZON\u00ae, integrate \u00een protocolul Guided Biofilm Therapy (GBT). Acest protocol sistematic \u0219i predictibil pentru gestionarea biofilmului dentar este sus\u021binut de dovezi \u0219tiin\u021bifice \u0219i urm\u0103re\u0219te s\u0103 ofere tratamente minim invazive, eficiente \u0219i confortabile pentru pacien\u021bi.<\/p>\n<\/div>\n<\/div>\n<p>[\/vc_column_text][\/vc_column][\/vc_row][vc_row][vc_column][vc_zigzag el_border_width=&#8221;10&#8243;][\/vc_column][\/vc_row][vc_row][vc_column width=&#8221;1\/2&#8243;][vc_column_text]<\/p>\n<div id=\"bgLayers_comp-libgit0h1\" class=\"MW5IWV\" data-hook=\"bgLayers\" data-motion-part=\"BG_LAYER\">\n<div id=\"bgMedia_comp-libgit0h1\" class=\"VgO9Yg\" data-motion-part=\"BG_MEDIA\">\n<p><a class=\"flex h-[22px] items-center rounded-xl px-2 text-[0.5em] !font-medium uppercase bg-[#f4f4f4] !text-token-text-secondary hover:bg-token-text-primary hover:!text-token-main-surface-secondary dark:bg-token-main-surface-secondary dark:hover:bg-token-text-primary relative top-[-0.094rem]\" href=\"https:\/\/www.rolanddga.com\/products\/dental\/dental-clinical-milling\" target=\"_blank\" rel=\"noopener\"><span class=\"truncate\">Roland DGA<\/span><\/a> este o filial\u0103 a Roland DG Corporation, specializat\u0103 \u00een furnizarea de solu\u021bii avansate pentru diverse industrii, inclusiv stomatologie. \u00cen domeniul stomatologic, Roland DGA ofer\u0103 o gam\u0103 larg\u0103 de echipamente \u0219i tehnologii destinate laboratoarelor dentare \u0219i cabinetelor stomatologice, axate pe eficien\u021b\u0103, precizie \u0219i integrare digital\u0103.<\/p>\n<p><strong>Solu\u021bii pentru Stomatologie:<\/strong><\/p>\n<ul>\n<li><strong>Ma\u0219ini de frezat dentare:<\/strong> Seria DWX de la Roland DGA include ma\u0219ini de frezat cu 5 axe, precum DWX-53DC \u0219i DWX-52D Plus, concepute pentru a produce restaur\u0103ri dentare de \u00eenalt\u0103 calitate. Aceste echipamente permit prelucrarea precis\u0103 a materialelor precum zirconia, ceara, PMMA \u0219i altele, oferind flexibilitate \u0219i fiabilitate \u00een produc\u021bia de coroane, pun\u021bi \u0219i alte proteze dentare.<\/li>\n<li><strong>Solu\u021bii CAD\/CAM:<\/strong> Roland DGA ofer\u0103 solu\u021bii complete CAD\/CAM care integreaz\u0103 scanarea, proiectarea \u0219i frezarea digital\u0103, facilit\u00e2nd fluxuri de lucru eficiente \u0219i personalizate pentru profesioni\u0219tii din domeniul stomatologic.<\/li>\n<li><strong>Imprimante 3D dentare:<\/strong> Compania furnizeaz\u0103 imprimante 3D specializate pentru aplica\u021bii dentare, permi\u021b\u00e2nd produc\u021bia rapid\u0103 \u0219i precis\u0103 a modelelor dentare, ghidurilor chirurgicale \u0219i altor dispozitive personalizate.<\/li>\n<\/ul>\n<\/div>\n<\/div>\n<p>[\/vc_column_text][\/vc_column][vc_column width=&#8221;1\/2&#8243;][vc_single_image image=&#8221;3982&#8243; img_size=&#8221;medium&#8221; alignment=&#8221;center&#8221; onclick=&#8221;custom_link&#8221; link=&#8221;https:\/\/www.rolanddga.com\/products\/dental\/dwx-series&#8221; css=&#8221;.vc_custom_1730826394996{padding-top: 20px !important;padding-bottom: 20px !important;}&#8221;][\/vc_column][\/vc_row][vc_row][vc_column][vc_zigzag el_border_width=&#8221;10&#8243;][\/vc_column][\/vc_row][vc_row][vc_column width=&#8221;1\/2&#8243;][vc_single_image image=&#8221;3983&#8243; img_size=&#8221;medium&#8221; alignment=&#8221;center&#8221; onclick=&#8221;custom_link&#8221; link=&#8221;https:\/\/www.iti.org\/&#8221; css=&#8221;.vc_custom_1730826407755{padding-top: 20px !important;}&#8221;][\/vc_column][vc_column width=&#8221;1\/2&#8243;][vc_column_text]<\/p>\n<div id=\"bgLayers_comp-libgit0h1\" class=\"MW5IWV\" data-hook=\"bgLayers\" data-motion-part=\"BG_LAYER\">\n<div id=\"bgMedia_comp-libgit0h1\" class=\"VgO9Yg\" data-motion-part=\"BG_MEDIA\">\n<p><a href=\"https:\/\/www.iti.org\/\">International Team for Implantology (ITI)<\/a> este o asocia\u021bie global\u0103 de profesioni\u0219ti \u00een domeniul implantologiei dentare, fondat\u0103 \u00een 1980. Scopul principal al ITI este promovarea \u0219i difuzarea cuno\u0219tin\u021belor legate de implantologia dentar\u0103 \u0219i domeniile conexe. Organiza\u021bia se concentreaz\u0103 pe educa\u021bie de calitate, sus\u021binerea cercet\u0103rii de v\u00e2rf \u0219i furnizarea de resurse autoritare pentru profesioni\u0219tii din domeniul stomatologic la nivel mondial.<\/p>\n<\/div>\n<\/div>\n<p>[\/vc_column_text][\/vc_column][\/vc_row][vc_row][vc_column][vc_zigzag el_border_width=&#8221;10&#8243;][\/vc_column][\/vc_row][vc_row][vc_column width=&#8221;1\/2&#8243;][vc_column_text]<\/p>\n<div id=\"bgLayers_comp-libgit0h1\" class=\"MW5IWV\" data-hook=\"bgLayers\" data-motion-part=\"BG_LAYER\">\n<div id=\"bgMedia_comp-libgit0h1\" class=\"VgO9Yg\" data-motion-part=\"BG_MEDIA\">\n<p><a href=\"https:\/\/www.nsk-dental.com\/\">NSK Dental<\/a> este o divizie a companiei japoneze Nakanishi Inc., fondat\u0103 \u00een 1930, specializat\u0103 \u00een dezvoltarea \u0219i produc\u021bia de echipamente stomatologice de \u00eenalt\u0103 precizie. Cu sediul central \u00een Kanuma, Japonia, NSK ofer\u0103 o gam\u0103 larg\u0103 de produse, inclusiv piese de m\u00e2n\u0103 dentare, micromotoare, sisteme de igien\u0103 \u0219i \u00eentre\u021binere, precum \u0219i echipamente pentru chirurgie oral\u0103 \u0219i implantologie.<\/p>\n<\/div>\n<\/div>\n<p>[\/vc_column_text][\/vc_column][vc_column width=&#8221;1\/2&#8243;][vc_single_image image=&#8221;3984&#8243; img_size=&#8221;medium&#8221; alignment=&#8221;center&#8221; onclick=&#8221;custom_link&#8221; link=&#8221;https:\/\/www.nsk-dental.com\/&#8221; css=&#8221;.vc_custom_1730826420959{padding-top: 20px !important;padding-bottom: 20px !important;}&#8221;][\/vc_column][\/vc_row][vc_row][vc_column][vc_zigzag el_border_width=&#8221;10&#8243;][\/vc_column][\/vc_row][vc_row][vc_column width=&#8221;1\/2&#8243;][vc_single_image image=&#8221;3985&#8243; img_size=&#8221;medium&#8221; alignment=&#8221;center&#8221; onclick=&#8221;custom_link&#8221; link=&#8221;https:\/\/exocad.com\/&#8221; css=&#8221;.vc_custom_1730826433993{padding-top: 20px !important;padding-bottom: 20px !important;}&#8221;][\/vc_column][vc_column width=&#8221;1\/2&#8243;][vc_column_text]<\/p>\n<div id=\"bgLayers_comp-libgit0h1\" class=\"MW5IWV\" data-hook=\"bgLayers\" data-motion-part=\"BG_LAYER\">\n<div id=\"bgMedia_comp-libgit0h1\" class=\"VgO9Yg\" data-motion-part=\"BG_MEDIA\">\n<p><a href=\"https:\/\/exocad.com\/\">exocad<\/a> este o companie german\u0103 specializat\u0103 \u00een dezvoltarea de software CAD\/CAM pentru stomatologie, oferind solu\u021bii flexibile \u0219i u\u0219or de utilizat pentru laboratoare dentare \u0219i cabinete stomatologice. Fondat\u0103 \u00een 2010 ca un spin-off al Institutului Fraunhofer pentru Cercet\u0103ri \u00een Grafic\u0103 Computerizat\u0103, exocad s-a impus rapid ca un lider \u00een domeniul stomatologiei digitale.<\/p>\n<\/div>\n<\/div>\n<p>[\/vc_column_text][\/vc_column][\/vc_row][vc_row][vc_column][vc_zigzag el_border_width=&#8221;10&#8243;][\/vc_column][\/vc_row][vc_row][vc_column width=&#8221;1\/2&#8243;][vc_column_text]<\/p>\n<div id=\"bgLayers_comp-libgit0h1\" class=\"MW5IWV\" data-hook=\"bgLayers\" data-motion-part=\"BG_LAYER\">\n<div id=\"bgMedia_comp-libgit0h1\" class=\"VgO9Yg\" data-motion-part=\"BG_MEDIA\">\n<p><a href=\"https:\/\/www.duerrdental.com\/en\/\">D\u00dcRR DENTAL<\/a> este o companie german\u0103 de tehnologie medical\u0103, fondat\u0103 \u00een 1941 de fra\u021bii Karl \u0219i Wilhelm D\u00fcrr ca atelier mecanic de precizie \u00een Stuttgart. De-a lungul decadelor, compania a evoluat \u00eentr-un lider global \u00een furnizarea de solu\u021bii inovatoare pentru pia\u021ba dentar\u0103. Sediul central al D\u00dcRR DENTAL se afl\u0103 \u00een Bietigheim-Bissingen, Germania.<\/p>\n<\/div>\n<\/div>\n<p>[\/vc_column_text][\/vc_column][vc_column width=&#8221;1\/2&#8243;][vc_single_image image=&#8221;3986&#8243; img_size=&#8221;medium&#8221; alignment=&#8221;center&#8221; onclick=&#8221;custom_link&#8221; link=&#8221;https:\/\/www.duerrdental.com\/en\/&#8221; css=&#8221;.vc_custom_1730826450024{padding-top: 20px !important;padding-bottom: 20px !important;}&#8221;][\/vc_column][\/vc_row][vc_row][vc_column][vc_zigzag el_border_width=&#8221;10&#8243;][\/vc_column][\/vc_row][vc_row][vc_column width=&#8221;1\/2&#8243;][vc_single_image image=&#8221;3988&#8243; img_size=&#8221;medium&#8221; alignment=&#8221;center&#8221; onclick=&#8221;custom_link&#8221; link=&#8221;https:\/\/www.ems-dental.com\/en\/guided-biofilm-therapy&#8221; css=&#8221;.vc_custom_1730826462168{padding-top: 20px !important;padding-bottom: 20px !important;}&#8221;][\/vc_column][vc_column width=&#8221;1\/2&#8243;][vc_column_text]<\/p>\n<div id=\"bgLayers_comp-libgit0h1\" class=\"MW5IWV\" data-hook=\"bgLayers\" data-motion-part=\"BG_LAYER\">\n<div id=\"bgMedia_comp-libgit0h1\" class=\"VgO9Yg\" data-motion-part=\"BG_MEDIA\">\n<p><a href=\"https:\/\/www.ems-dental.com\/en\/guided-biofilm-therapy\">Guided Biofilm Therapy (GBT)<\/a> este o abordare modern\u0103 \u0219i sistematic\u0103 pentru gestionarea biofilmului dentar \u00een profilaxia profesional\u0103, utiliz\u00e2nd tehnologii avansate precum AIRFLOW\u00ae, PERIOFLOW\u00ae \u0219i PIEZON\u00ae. Dezvoltat\u0103 de compania elve\u021bian\u0103 EMS Dental, GBT se bazeaz\u0103 pe dovezi \u0219tiin\u021bifice \u0219i const\u0103 \u00een protocoale de tratament adaptate diagnosticului individual al pacientului \u0219i evalu\u0103rii riscurilor, pentru a ob\u021bine rezultate optime.<\/p>\n<\/div>\n<\/div>\n<p>[\/vc_column_text][\/vc_column][\/vc_row][vc_row][vc_column][vc_zigzag el_border_width=&#8221;10&#8243;][\/vc_column][\/vc_row][vc_row][vc_column width=&#8221;1\/2&#8243;][vc_column_text]<\/p>\n<div id=\"bgLayers_comp-libgit0h1\" class=\"MW5IWV\" data-hook=\"bgLayers\" data-motion-part=\"BG_LAYER\">\n<div id=\"bgMedia_comp-libgit0h1\" class=\"VgO9Yg\" data-motion-part=\"BG_MEDIA\">\n<p><a href=\"https:\/\/dental.mectron.com\/\">Mectron<\/a> este o companie italian\u0103 fondat\u0103 \u00een 1979, specializat\u0103 \u00een dezvoltarea \u0219i produc\u021bia de dispozitive medicale avansate pentru domeniul stomatologic. Cu sediul \u00een Carasco, Italia, Mectron este recunoscut\u0103 pentru inova\u021biile sale tehnologice \u0219i designul de \u00eenalt\u0103 calitate al produselor. Compania are o prezen\u021b\u0103 global\u0103, export\u00e2nd \u00een peste 80 de \u021b\u0103ri.<\/p>\n<\/div>\n<\/div>\n<p>[\/vc_column_text][\/vc_column][vc_column width=&#8221;1\/2&#8243;][vc_single_image image=&#8221;3989&#8243; img_size=&#8221;full&#8221; onclick=&#8221;custom_link&#8221; link=&#8221;https:\/\/dental.mectron.com\/&#8221;][\/vc_column][\/vc_row][vc_row][vc_column][vc_zigzag el_border_width=&#8221;10&#8243;][\/vc_column][\/vc_row][vc_row][vc_column width=&#8221;1\/2&#8243;][vc_single_image image=&#8221;3990&#8243; img_size=&#8221;medium&#8221; alignment=&#8221;center&#8221; onclick=&#8221;custom_link&#8221; link=&#8221;https:\/\/www.medesy.it\/en\/&#8221; css=&#8221;.vc_custom_1730826475543{padding-top: 20px !important;padding-bottom: 20px !important;}&#8221;][\/vc_column][vc_column width=&#8221;1\/2&#8243;][vc_column_text]<\/p>\n<div id=\"bgLayers_comp-libgit0h1\" class=\"MW5IWV\" data-hook=\"bgLayers\" data-motion-part=\"BG_LAYER\">\n<div id=\"bgMedia_comp-libgit0h1\" class=\"VgO9Yg\" data-motion-part=\"BG_MEDIA\">\n<p><a href=\"https:\/\/www.medesy.it\/en\/\">Medesy<\/a> este o companie italian\u0103 cu o tradi\u021bie de peste 600 de ani \u00een prelucrarea o\u021belului, specializat\u0103 \u00een produc\u021bia de instrumente stomatologice de \u00eenalt\u0103 calitate. Sediul central al companiei se afl\u0103 \u00een Maniago, Italia, o regiune renumit\u0103 pentru m\u0103iestria sa \u00een prelucrarea metalelor. Medesy combin\u0103 aceast\u0103 mo\u0219tenire cu tehnologii avansate \u0219i practici sustenabile pentru a furniza instrumente de precizie destinate profesioni\u0219tilor din domeniul stomatologic.<\/p>\n<\/div>\n<\/div>\n<p>[\/vc_column_text][\/vc_column][\/vc_row][vc_row][vc_column][vc_zigzag el_border_width=&#8221;10&#8243;][\/vc_column][\/vc_row][vc_row][vc_column width=&#8221;1\/2&#8243;][vc_column_text]<\/p>\n<div id=\"bgLayers_comp-libgit0h1\" class=\"MW5IWV\" data-hook=\"bgLayers\" data-motion-part=\"BG_LAYER\">\n<div id=\"bgMedia_comp-libgit0h1\" class=\"VgO9Yg\" data-motion-part=\"BG_MEDIA\">\n<p><a href=\"https:\/\/www.astrastyl.it\/\">Astra Mobili<\/a> Metallici este o companie italian\u0103 cu peste 30 de ani de experien\u021b\u0103 \u00een proiectarea \u0219i produc\u021bia de mobilier metalic pentru cabinete \u0219i laboratoare dentare. Sediul central al companiei se afl\u0103 \u00een Chions, Italia. Astra Mobili se remarc\u0103 prin pasiunea, competen\u021ba \u0219i inova\u021bia aduse \u00een fiecare proiect, oferind solu\u021bii personalizate care \u00eembin\u0103 func\u021bionalitatea cu estetica.<\/p>\n<\/div>\n<\/div>\n<p>[\/vc_column_text][\/vc_column][vc_column width=&#8221;1\/2&#8243;][vc_single_image image=&#8221;3991&#8243; img_size=&#8221;medium&#8221; alignment=&#8221;center&#8221; onclick=&#8221;custom_link&#8221; link=&#8221;https:\/\/www.astrastyl.it\/&#8221; css=&#8221;.vc_custom_1730826492976{padding-top: 20px !important;padding-bottom: 20px !important;}&#8221;][\/vc_column][\/vc_row][vc_row][vc_column][vc_zigzag el_border_width=&#8221;10&#8243;][\/vc_column][\/vc_row][vc_row][vc_column width=&#8221;1\/2&#8243;][vc_single_image image=&#8221;3992&#8243; img_size=&#8221;medium&#8221; alignment=&#8221;center&#8221; onclick=&#8221;custom_link&#8221; link=&#8221;https:\/\/katanazirconia.com\/&#8221; css=&#8221;.vc_custom_1730826508753{padding-top: 20px !important;padding-bottom: 20px !important;}&#8221;][\/vc_column][vc_column width=&#8221;1\/2&#8243;][vc_column_text]<\/p>\n<div id=\"bgLayers_comp-libgit0h1\" class=\"MW5IWV\" data-hook=\"bgLayers\" data-motion-part=\"BG_LAYER\">\n<div id=\"bgMedia_comp-libgit0h1\" class=\"VgO9Yg\" data-motion-part=\"BG_MEDIA\">\n<p><a href=\"https:\/\/katanazirconia.com\/\">KATANA\u2122 Zirconia<\/a> este o gam\u0103 de discuri de zirconiu multi-stratificate, dezvoltate de Kuraray Noritake Dental Inc., concepute pentru a oferi restaur\u0103ri dentare de \u00eenalt\u0103 estetic\u0103 \u0219i durabilitate. Aceste discuri sunt utilizate \u00een tehnologia CAD\/CAM pentru fabricarea coroanelor, pun\u021bilor \u0219i altor restaur\u0103ri protetice, asigur\u00e2nd o combina\u021bie optim\u0103 \u00eentre rezisten\u021b\u0103 \u0219i transluciditate.<\/p>\n<\/div>\n<\/div>\n<p>[\/vc_column_text][\/vc_column][\/vc_row][vc_row][vc_column][vc_zigzag el_border_width=&#8221;10&#8243;][\/vc_column][\/vc_row][vc_row][vc_column width=&#8221;1\/2&#8243;][vc_column_text]<\/p>\n<div id=\"bgLayers_comp-libgit0h1\" class=\"MW5IWV\" data-hook=\"bgLayers\" data-motion-part=\"BG_LAYER\">\n<div id=\"bgMedia_comp-libgit0h1\" class=\"VgO9Yg\" data-motion-part=\"BG_MEDIA\">\n<p><a href=\"https:\/\/www.gc.dental\/europe\/en\/products\/gaenial\">G-\u00e6nial<\/a> este o gam\u0103 de compozite dentare dezvoltate de GC Corporation, concepute pentru a oferi restaur\u0103ri estetice \u0219i durabile \u00een stomatologie. Aceste materiale sunt utilizate pentru restaur\u0103ri directe \u00een diverse clase de cavit\u0103\u021bi, asigur\u00e2nd o adaptare excelent\u0103 \u0219i propriet\u0103\u021bi fizice superioare.<\/p>\n<p><strong>Caracteristici principale:<\/strong><\/p>\n<ul>\n<li><strong>Estetic\u0103 superioar\u0103<\/strong><\/li>\n<li><strong>Manipulare facil\u0103<\/strong><\/li>\n<li><strong>Durabilitate \u0219i rezisten\u021b\u0103<\/strong><\/li>\n<\/ul>\n<p>&nbsp;<\/p>\n<\/div>\n<\/div>\n<p>[\/vc_column_text][\/vc_column][vc_column width=&#8221;1\/2&#8243;][vc_single_image image=&#8221;3994&#8243; img_size=&#8221;medium&#8221; alignment=&#8221;center&#8221; onclick=&#8221;custom_link&#8221; link=&#8221;https:\/\/www.gc.dental\/europe\/en\/products\/gaenial&#8221; css=&#8221;.vc_custom_1730826528016{padding-top: 20px !important;padding-bottom: 20px !important;}&#8221;][\/vc_column][\/vc_row]<\/p>\n","protected":false},"excerpt":{"rendered":"<p>[vc_row][vc_column][vc_custom_heading text=&#8221;Parteneri&#8221; css=&#8221;.vc_custom_1730826282957{padding-top: 20px !important;padding-bottom: 20px !important;}&#8221;][\/vc_column][\/vc_row][vc_row][vc_column width=&#8221;1\/2&#8243;][vc_single_image image=&#8221;3975&#8243; img_size=&#8221;medium&#8221; alignment=&#8221;center&#8221; onclick=&#8221;custom_link&#8221; link=&#8221;https:\/\/www.straumann.com\/en\/dental-professionals.html&#8221;][\/vc_column][vc_column width=&#8221;1\/2&#8243;][vc_column_text]Straumann este o companie elve\u021bian\u0103 de top \u00een domeniul implantologiei \u0219i al solu\u021biilor dentare restaurative \u0219i ortodontice. Fondat\u0103 \u00een 1954 de Dr. Ing. Reinhard Straumann \u00een Waldenburg, Elve\u021bia, compania a evoluat de la producerea de aliaje pentru instrumente de precizie la dezvoltarea [&hellip;]<\/p>\n","protected":false},"author":4,"featured_media":0,"parent":0,"menu_order":0,"comment_status":"closed","ping_status":"closed","template":"","meta":{"_monsterinsights_skip_tracking":false,"_monsterinsights_sitenote_active":false,"_monsterinsights_sitenote_note":"","_monsterinsights_sitenote_category":0,"footnotes":""},"class_list":["post-3974","page","type-page","status-publish","hentry"],"_links":{"self":[{"href":"https:\/\/medentis.ro\/en\/wp-json\/wp\/v2\/pages\/3974","targetHints":{"allow":["GET"]}}],"collection":[{"href":"https:\/\/medentis.ro\/en\/wp-json\/wp\/v2\/pages"}],"about":[{"href":"https:\/\/medentis.ro\/en\/wp-json\/wp\/v2\/types\/page"}],"author":[{"embeddable":true,"href":"https:\/\/medentis.ro\/en\/wp-json\/wp\/v2\/users\/4"}],"replies":[{"embeddable":true,"href":"https:\/\/medentis.ro\/en\/wp-json\/wp\/v2\/comments?post=3974"}],"version-history":[{"count":8,"href":"https:\/\/medentis.ro\/en\/wp-json\/wp\/v2\/pages\/3974\/revisions"}],"predecessor-version":[{"id":3999,"href":"https:\/\/medentis.ro\/en\/wp-json\/wp\/v2\/pages\/3974\/revisions\/3999"}],"wp:attachment":[{"href":"https:\/\/medentis.ro\/en\/wp-json\/wp\/v2\/media?parent=3974"}],"curies":[{"name":"wp","href":"https:\/\/api.w.org\/{rel}","templated":true}]}}