{"id":309,"date":"2018-03-19T05:21:13","date_gmt":"2018-03-19T05:21:13","guid":{"rendered":"http:\/\/themes.radiantthemes.com\/constructionpress\/?page_id=309"},"modified":"2019-03-31T23:40:49","modified_gmt":"2019-03-31T23:40:49","slug":"inhalosedare","status":"publish","type":"page","link":"https:\/\/medentis.ro\/en\/inhalosedare\/","title":{"rendered":"Inhalosedare cu Protoxid de Azot"},"content":{"rendered":"<p>[vc_row full_width=&#8221;stretch_row&#8221; css=&#8221;.vc_custom_1521438105729{margin-top: 0px !important;margin-bottom: 0px !important;padding-top: 145px !important;padding-bottom: 145px !important;}&#8221;][vc_column width=&#8221;1\/2&#8243;][vc_custom_heading text=&#8221;Inhalosedare cu protoxid de azot&#8221; font_container=&#8221;tag:h3|font_size:40px|text_align:left|line_height:47px&#8221; use_theme_fonts=&#8221;yes&#8221; css=&#8221;.vc_custom_1554075501967{margin-top: 0px !important;margin-bottom: 0px !important;padding-top: 0px !important;padding-bottom: 25px !important;}&#8221;][vc_column_text]<span id=\"fbPhotoSnowliftCaption\" class=\"fbPhotosPhotoCaption\" tabindex=\"0\" aria-live=\"polite\" data-ft=\"{&quot;tn&quot;:&quot;K&quot;}\"><span class=\"hasCaption\">Anxietatea este o cauza major\u0103 a evit\u0103rii vizitelor la dentist <span class=\"_5mfr\"><span class=\"_6qdm\">\ud83e\uddb7<\/span><\/span> \u0219i duce la agravarea problemelor medicale.<br \/>\nIndicat\u0103 at\u00e2t celor mici c\u00e2t \u0219i adul\u021bilor, inhalosedarea este cea mai u\u0219oar\u0103 form\u0103 de sedare, non-invaziv\u0103 \u0219i cu zero efecte secundare. F\u0103r\u0103 dureri \u0219i f\u0103r\u0103 team\u0103, v\u0103 a\u0219teptam la <a href=\"https:\/\/www.facebook.com\/clinicamedentis\/?__tn__=%2CdK%2AF-R&amp;eid=ARCm5LsHI3ZWyD1cE-mcTYfZjYxlNzjSVqvtmoxz4bhPUus7BG3DWQeOuscRVVqZFWTAwODINMveX9xe\" data-hovercard=\"\/ajax\/hovercard\/page.php?id=2615806358436967&amp;extragetparams=%7B%22__tn__%22%3A%22%2CdK%2AF-R%22%2C%22eid%22%3A%22ARCm5LsHI3ZWyD1cE-mcTYfZjYxlNzjSVqvtmoxz4bhPUus7BG3DWQeOuscRVVqZFWTAwODINMveX9xe%22%2C%22directed_target_id%22%3Anull%2C%22groups_location%22%3Anull%7D\" data-hovercard-prefer-more-content-show=\"1\">Clinica Medentis<\/a>. <\/span><\/span>[\/vc_column_text]\r<!-- radiantthemes-button -->\r<div class=\"radiantthemes-button hover-style-two  \"  data-button-direction=\"center\" data-button-fullwidth=\"false\" ><a style=\"\" class=\"radiantthemes-button-main\" href=\"https:\/\/medentis.ro\/contact\/\"  title=\"\" target=\"_self\"><div class=\"overlay\"><\/div><div class=\"placeholder\">Programari si informatii<\/div><\/a><\/div>\r<!-- radiantthemes-button -->\r[\/vc_column][vc_column width=&#8221;1\/2&#8243;][vc_single_image image=&#8221;3450&#8243; img_size=&#8221;full&#8221; alignment=&#8221;center&#8221;][\/vc_column][\/vc_row]<\/p>\n","protected":false},"excerpt":{"rendered":"<p>[vc_row full_width=&#8221;stretch_row&#8221; css=&#8221;.vc_custom_1521438105729{margin-top: 0px !important;margin-bottom: 0px !important;padding-top: 145px !important;padding-bottom: 145px !important;}&#8221;][vc_column width=&#8221;1\/2&#8243;][vc_custom_heading text=&#8221;Inhalosedare cu protoxid de azot&#8221; font_container=&#8221;tag:h3|font_size:40px|text_align:left|line_height:47px&#8221; use_theme_fonts=&#8221;yes&#8221; css=&#8221;.vc_custom_1554075501967{margin-top: 0px !important;margin-bottom: 0px !important;padding-top: 0px !important;padding-bottom: 25px !important;}&#8221;][vc_column_text]Anxietatea este o cauza major\u0103 a evit\u0103rii vizitelor la dentist \ud83e\uddb7 \u0219i duce la agravarea problemelor medicale. Indicat\u0103 at\u00e2t celor mici c\u00e2t \u0219i adul\u021bilor, inhalosedarea este cea mai [&hellip;]<\/p>\n","protected":false},"author":1,"featured_media":295,"parent":0,"menu_order":0,"comment_status":"closed","ping_status":"closed","template":"","meta":{"_monsterinsights_skip_tracking":false,"_monsterinsights_sitenote_active":false,"_monsterinsights_sitenote_note":"","_monsterinsights_sitenote_category":0,"footnotes":""},"class_list":["post-309","page","type-page","status-publish","has-post-thumbnail","hentry"],"_links":{"self":[{"href":"https:\/\/medentis.ro\/en\/wp-json\/wp\/v2\/pages\/309","targetHints":{"allow":["GET"]}}],"collection":[{"href":"https:\/\/medentis.ro\/en\/wp-json\/wp\/v2\/pages"}],"about":[{"href":"https:\/\/medentis.ro\/en\/wp-json\/wp\/v2\/types\/page"}],"author":[{"embeddable":true,"href":"https:\/\/medentis.ro\/en\/wp-json\/wp\/v2\/users\/1"}],"replies":[{"embeddable":true,"href":"https:\/\/medentis.ro\/en\/wp-json\/wp\/v2\/comments?post=309"}],"version-history":[{"count":0,"href":"https:\/\/medentis.ro\/en\/wp-json\/wp\/v2\/pages\/309\/revisions"}],"wp:featuredmedia":[{"embeddable":true,"href":"https:\/\/medentis.ro\/en\/wp-json\/wp\/v2\/media\/295"}],"wp:attachment":[{"href":"https:\/\/medentis.ro\/en\/wp-json\/wp\/v2\/media?parent=309"}],"curies":[{"name":"wp","href":"https:\/\/api.w.org\/{rel}","templated":true}]}}