{"id":3702,"date":"2022-03-17T05:30:17","date_gmt":"2022-03-17T05:30:17","guid":{"rendered":"https:\/\/medentis.ro\/?page_id=3702"},"modified":"2024-10-28T16:59:27","modified_gmt":"2024-10-28T16:59:27","slug":"laborator-tehnica-dentara","status":"publish","type":"page","link":"https:\/\/medentis.ro\/de\/laborator-tehnica-dentara\/","title":{"rendered":"Dentallabor"},"content":{"rendered":"<p>[vc_row full_width=&#8220;stretch_row&#8220; css=&#8220;.vc_custom_1554076344043{margin-top: 0px !important;margin-bottom: 0px !important;padding-top: 20px !important;padding-bottom: 20px !important;}&#8220;][vc_column width=&#8220;1\/2&#8243;][vc_custom_heading text=&#8220;Dentallabor&#8220; font_container=&#8220;tag:h3|font_size:40px|text_align:left|line_height:47px&#8220; use_theme_fonts=&#8220;yes&#8220; css=&#8220;.vc_custom_1647495215956{margin-top: 0px !important;margin-bottom: 0px !important;padding-top: 0px !important;padding-bottom: 25px !important;}&#8220;][vc_column_text]Das zahntechnische Labor der Medentis Zahnklinik bietet Ihnen ein breites Spektrum an prothetischen Arbeiten &#8211; Veneers \/ Kronen \/ Br\u00fccken &#8211; hergestellt mit modernsten Ger\u00e4ten und Materialien in h\u00f6chster Qualit\u00e4t.<\/p>\n<p>&nbsp;<\/p>\n<p>Das Labor ist mit 2 Roland-Fr\u00e4smaschinen, Asiga 3D-Drucker und der gesamten notwendigen Infrastruktur f\u00fcr ein Hochleistungslabor ausgestattet.<\/p>\n<p>&nbsp;<\/p>\n<p>Wenn Sie Keramik- oder Zirkoniumzahnarbeiten auf h\u00f6chstem Niveau in Rekordzeit ben\u00f6tigen, wenden Sie sich vertrauensvoll an die Medentis #Medias Dental Clinic.[\/vc_column_text]\r<!-- radiantthemes-button -->\r<div class=\"radiantthemes-button hover-style-two  \"  data-button-direction=\"center\" data-button-fullwidth=\"true\" ><a style=\"\" class=\"radiantthemes-button-main\" href=\"https:\/\/medentis.ro\/contact\/\"  title=\"\" target=\"_self\"><div class=\"overlay\"><\/div><div class=\"placeholder\">Termin vereinbaren oder Informationen anfordern<\/div><\/a><\/div>\r<!-- radiantthemes-button -->\r[\/vc_column][vc_column width=&#8220;1\/2&#8243;][vc_gallery type=&#8220;image_grid&#8220; images=&#8220;3919,3917,3916,3915,3914,3913,3912,3911,3910&#8243;][\/vc_column][\/vc_row]<\/p>","protected":false},"excerpt":{"rendered":"<p>[vc_row full_width=&#8220;stretch_row&#8220; css=&#8220;.vc_custom_1554076344043{margin-top: 0px !important;margin-bottom: 0px !important;padding-top: 20px !important;padding-bottom: 20px !important;}&#8220;][vc_column width=&#8220;1\/2&#8243;][vc_custom_heading text=&#8220;Dentallabor&#8220; font_container=&#8220;tag:h3|font_size:40px|text_align:left|line_height:47px&#8220; use_theme_fonts=&#8220;yes&#8220; css=&#8220;.vc_custom_1647495215956{margin-top: 0px !important;margin-bottom: 0px !important;padding-top: 0px !important;padding-bottom: 25px !important;}&#8220;][vc_column_text]Das zahntechnische Labor der Medentis Zahnklinik bietet Ihnen ein breites Spektrum an prothetischen Arbeiten &#8211; Veneers \/ Kronen \/ Br\u00fccken &#8211; hergestellt mit modernsten Ger\u00e4ten und Materialien in h\u00f6chster Qualit\u00e4t. &nbsp; Das [&hellip;]<\/p>\n","protected":false},"author":1,"featured_media":295,"parent":0,"menu_order":0,"comment_status":"closed","ping_status":"closed","template":"","meta":{"_monsterinsights_skip_tracking":false,"_monsterinsights_sitenote_active":false,"_monsterinsights_sitenote_note":"","_monsterinsights_sitenote_category":0,"footnotes":""},"class_list":["post-3702","page","type-page","status-publish","has-post-thumbnail","hentry"],"_links":{"self":[{"href":"https:\/\/medentis.ro\/de\/wp-json\/wp\/v2\/pages\/3702","targetHints":{"allow":["GET"]}}],"collection":[{"href":"https:\/\/medentis.ro\/de\/wp-json\/wp\/v2\/pages"}],"about":[{"href":"https:\/\/medentis.ro\/de\/wp-json\/wp\/v2\/types\/page"}],"author":[{"embeddable":true,"href":"https:\/\/medentis.ro\/de\/wp-json\/wp\/v2\/users\/1"}],"replies":[{"embeddable":true,"href":"https:\/\/medentis.ro\/de\/wp-json\/wp\/v2\/comments?post=3702"}],"version-history":[{"count":4,"href":"https:\/\/medentis.ro\/de\/wp-json\/wp\/v2\/pages\/3702\/revisions"}],"predecessor-version":[{"id":3931,"href":"https:\/\/medentis.ro\/de\/wp-json\/wp\/v2\/pages\/3702\/revisions\/3931"}],"wp:featuredmedia":[{"embeddable":true,"href":"https:\/\/medentis.ro\/de\/wp-json\/wp\/v2\/media\/295"}],"wp:attachment":[{"href":"https:\/\/medentis.ro\/de\/wp-json\/wp\/v2\/media?parent=3702"}],"curies":[{"name":"wp","href":"https:\/\/api.w.org\/{rel}","templated":true}]}}