{"id":3449,"date":"2019-03-31T23:43:57","date_gmt":"2019-03-31T23:43:57","guid":{"rendered":"https:\/\/medentis.ro\/?page_id=3449"},"modified":"2022-03-17T05:57:41","modified_gmt":"2022-03-17T05:57:41","slug":"radiologie-digitala-2d-3d","status":"publish","type":"page","link":"https:\/\/medentis.ro\/de\/radiologie-digitala-2d-3d\/","title":{"rendered":"Centru de radiologie digitala 2D\/3D"},"content":{"rendered":"<p>[vc_row full_width=&#8220;stretch_row&#8220; css=&#8220;.vc_custom_1554076344043{margin-top: 0px !important;margin-bottom: 0px !important;padding-top: 20px !important;padding-bottom: 20px !important;}&#8220;][vc_column width=&#8220;1\/2&#8243;][vc_custom_heading text=&#8220;Digitale Radiologie 2D\/3D&#8220; font_container=&#8220;tag:h3|font_size:40px|text_align:left|line_height:47px&#8220; use_theme_fonts=&#8220;yes&#8220; css=&#8220;.vc_custom_1583501436094{margin-top: 0px !important;margin-bottom: 0px !important;padding-top: 0px !important;padding-bottom: 25px !important;}&#8220;][vc_column_text]Die Medentis Zahnklinik verf\u00fcgt \u00fcber ein hochmodernes Radiologiezentrum, das als einziges in der Region 3D-Untersuchungen mit dem CT-Scan anbietet. Zus\u00e4tzlich zu den in der<\/p>\n<p>Prim\u00e4rdiagnose und w\u00e4hrend der Behandlung verwendeten 2D-Retroalveolar- und Panorama-R\u00f6ntgenbildern, werden f\u00fcr kieferorthop\u00e4dische Behandlungen Panoramaaufnahmen und Teleradiographien empfohlen.<\/p>\n<p>Die Ausstattung des radiologischen Zentrums der Medentis Klinik entspricht dem neuesten Stand der Technik und profitiert von der Funktion ULTRA LOW DOSE, die die Strahlendosis um bis zu 77% reduziert und gleichzeitig eine h\u00f6here Bildqualit\u00e4t bietet. Die digitale Zahnradiographie stellt ein zu geringes Risiko dar, um als gef\u00e4hrlich f\u00fcr den menschlichen K\u00f6rper angesehen zu werden.[\/vc_column_text]\r<!-- radiantthemes-button -->\r<div class=\"radiantthemes-button hover-style-two  \"  data-button-direction=\"center\" data-button-fullwidth=\"true\" ><a style=\"\" class=\"radiantthemes-button-main\" href=\"https:\/\/medentis.ro\/contact\/\"  title=\"\" target=\"_self\"><div class=\"overlay\"><\/div><div class=\"placeholder\">Termin vereinbaren oder Informationen anfordern<\/div><\/a><\/div>\r<!-- radiantthemes-button -->\r[\/vc_column][vc_column width=&#8220;1\/2&#8243;][vc_single_image image=&#8220;3286&#8243; img_size=&#8220;full&#8220; alignment=&#8220;center&#8220;][\/vc_column][\/vc_row]<\/p>","protected":false},"excerpt":{"rendered":"<p>[vc_row full_width=&#8220;stretch_row&#8220; css=&#8220;.vc_custom_1554076344043{margin-top: 0px !important;margin-bottom: 0px !important;padding-top: 20px !important;padding-bottom: 20px !important;}&#8220;][vc_column width=&#8220;1\/2&#8243;][vc_custom_heading text=&#8220;Digitale Radiologie 2D\/3D&#8220; font_container=&#8220;tag:h3|font_size:40px|text_align:left|line_height:47px&#8220; use_theme_fonts=&#8220;yes&#8220; css=&#8220;.vc_custom_1583501436094{margin-top: 0px !important;margin-bottom: 0px !important;padding-top: 0px !important;padding-bottom: 25px !important;}&#8220;][vc_column_text]Die Medentis Zahnklinik verf\u00fcgt \u00fcber ein hochmodernes Radiologiezentrum, das als einziges in der Region 3D-Untersuchungen mit dem CT-Scan anbietet. Zus\u00e4tzlich zu den in der Prim\u00e4rdiagnose und w\u00e4hrend der Behandlung verwendeten [&hellip;]<\/p>\n","protected":false},"author":1,"featured_media":295,"parent":0,"menu_order":0,"comment_status":"closed","ping_status":"closed","template":"","meta":{"_monsterinsights_skip_tracking":false,"_monsterinsights_sitenote_active":false,"_monsterinsights_sitenote_note":"","_monsterinsights_sitenote_category":0,"footnotes":""},"class_list":["post-3449","page","type-page","status-publish","has-post-thumbnail","hentry"],"_links":{"self":[{"href":"https:\/\/medentis.ro\/de\/wp-json\/wp\/v2\/pages\/3449","targetHints":{"allow":["GET"]}}],"collection":[{"href":"https:\/\/medentis.ro\/de\/wp-json\/wp\/v2\/pages"}],"about":[{"href":"https:\/\/medentis.ro\/de\/wp-json\/wp\/v2\/types\/page"}],"author":[{"embeddable":true,"href":"https:\/\/medentis.ro\/de\/wp-json\/wp\/v2\/users\/1"}],"replies":[{"embeddable":true,"href":"https:\/\/medentis.ro\/de\/wp-json\/wp\/v2\/comments?post=3449"}],"version-history":[{"count":0,"href":"https:\/\/medentis.ro\/de\/wp-json\/wp\/v2\/pages\/3449\/revisions"}],"wp:featuredmedia":[{"embeddable":true,"href":"https:\/\/medentis.ro\/de\/wp-json\/wp\/v2\/media\/295"}],"wp:attachment":[{"href":"https:\/\/medentis.ro\/de\/wp-json\/wp\/v2\/media?parent=3449"}],"curies":[{"name":"wp","href":"https:\/\/api.w.org\/{rel}","templated":true}]}}