{"id":3316,"date":"2019-03-31T21:46:01","date_gmt":"2019-03-31T21:46:01","guid":{"rendered":"https:\/\/medentis.ro\/?page_id=3316"},"modified":"2021-06-22T06:51:19","modified_gmt":"2021-06-22T06:51:19","slug":"ortodontie","status":"publish","type":"page","link":"https:\/\/medentis.ro\/de\/ortodontie\/","title":{"rendered":"Ortodontie"},"content":{"rendered":"<p>[vc_row][vc_column][vc_empty_space][vc_custom_heading text=&#8220;Kieferorthop\u00e4die &#8222;][\/vc_column][\/vc_row][vc_row][vc_column width=&#8220;1\/2&#8243;][vc_empty_space][vc_column_text]Die Kieferorthop\u00e4die ist der Zweig der Zahnmedizin, der sich mit der Begradigung der Zahnposition, der Einstellung der Okklusion (des Bissens) und der Beziehung zwischen den beiden Kiefern befasst. Die Behandlung mit kieferorthop\u00e4dischen Ger\u00e4ten bietet sich nicht nur f\u00fcr Kinder, sondern auch f\u00fcr Erwachsene an.<\/p>\n<p>Durch die Kieferorthop\u00e4die werden die Asymmetrien der Z\u00e4hne durch eine komplexe Behandlung korrigiert, die mit Hilfe von festen oder mobilen kieferorthop\u00e4dischen Ger\u00e4ten durchgef\u00fchrt wird. Die Behandlung von kieferorthop\u00e4dischen Erkrankungen ist sowohl aus \u00e4sthetischen Gr\u00fcnden, als auch aus Gr\u00fcnden der Zahnkiefergesundheit erforderlich.[\/vc_column_text][\/vc_column][vc_column width=&#8220;1\/2&#8243;][vc_single_image image=&#8220;3317&#8243; img_size=&#8220;full&#8220; alignment=&#8220;center&#8220;][\/vc_column][\/vc_row][vc_row][vc_column width=&#8220;1\/2&#8243; css=&#8220;.vc_custom_1554053535061{margin-bottom: 20px !important;}&#8220;]\r<!-- radiantthemes-button -->\r<div class=\"radiantthemes-button hover-style-two  wpb_animate_when_almost_visible wpb_bounce bounce \"  data-button-direction=\"center\" data-button-fullwidth=\"true\" ><a style=\"\" class=\"radiantthemes-button-main\" href=\"https:\/\/medentis.ro\/contact\/\"  title=\"\" target=\"_self\"><div class=\"overlay\"><\/div><div class=\"placeholder\">Termin vereinbaren oder Informationen anfordern<\/div><\/a><\/div>\r<!-- radiantthemes-button -->\r[\/vc_column][vc_column width=&#8220;1\/2&#8243;]\r<!-- radiantthemes-button -->\r<div class=\"radiantthemes-button hover-style-two  wpb_animate_when_almost_visible wpb_bounce bounce \"  data-button-direction=\"center\" data-button-fullwidth=\"true\" ><a style=\"\" class=\"radiantthemes-button-main\" href=\"https:\/\/medentis.ro\/servicii-stomatologice\/\"  title=\"\" target=\"_self\"><div class=\"overlay\"><\/div><div class=\"placeholder\">Zur\u00fcck zu den Dienstleistungen<\/div><\/a><\/div>\r<!-- radiantthemes-button -->\r[\/vc_column][\/vc_row]<\/p>","protected":false},"excerpt":{"rendered":"<p>[vc_row][vc_column][vc_empty_space][vc_custom_heading text=&#8220;Kieferorthop\u00e4die &#8222;][\/vc_column][\/vc_row][vc_row][vc_column width=&#8220;1\/2&#8243;][vc_empty_space][vc_column_text]Die Kieferorthop\u00e4die ist der Zweig der Zahnmedizin, der sich mit der Begradigung der Zahnposition, der Einstellung der Okklusion (des Bissens) und der Beziehung zwischen den beiden Kiefern befasst. Die Behandlung mit kieferorthop\u00e4dischen Ger\u00e4ten bietet sich nicht nur f\u00fcr Kinder, sondern auch f\u00fcr Erwachsene an. Durch die Kieferorthop\u00e4die werden die Asymmetrien der Z\u00e4hne [&hellip;]<\/p>\n","protected":false},"author":1,"featured_media":0,"parent":0,"menu_order":0,"comment_status":"closed","ping_status":"closed","template":"","meta":{"_monsterinsights_skip_tracking":false,"_monsterinsights_sitenote_active":false,"_monsterinsights_sitenote_note":"","_monsterinsights_sitenote_category":0,"footnotes":""},"class_list":["post-3316","page","type-page","status-publish","hentry"],"_links":{"self":[{"href":"https:\/\/medentis.ro\/de\/wp-json\/wp\/v2\/pages\/3316","targetHints":{"allow":["GET"]}}],"collection":[{"href":"https:\/\/medentis.ro\/de\/wp-json\/wp\/v2\/pages"}],"about":[{"href":"https:\/\/medentis.ro\/de\/wp-json\/wp\/v2\/types\/page"}],"author":[{"embeddable":true,"href":"https:\/\/medentis.ro\/de\/wp-json\/wp\/v2\/users\/1"}],"replies":[{"embeddable":true,"href":"https:\/\/medentis.ro\/de\/wp-json\/wp\/v2\/comments?post=3316"}],"version-history":[{"count":0,"href":"https:\/\/medentis.ro\/de\/wp-json\/wp\/v2\/pages\/3316\/revisions"}],"wp:attachment":[{"href":"https:\/\/medentis.ro\/de\/wp-json\/wp\/v2\/media?parent=3316"}],"curies":[{"name":"wp","href":"https:\/\/api.w.org\/{rel}","templated":true}]}}