{"id":3309,"date":"2019-03-31T21:11:54","date_gmt":"2019-03-31T21:11:54","guid":{"rendered":"https:\/\/medentis.ro\/?page_id=3309"},"modified":"2020-03-06T13:15:14","modified_gmt":"2020-03-06T13:15:14","slug":"estetica-dentara","status":"publish","type":"page","link":"https:\/\/medentis.ro\/de\/estetica-dentara\/","title":{"rendered":"Estetica dentara"},"content":{"rendered":"<p>[vc_row][vc_column][vc_empty_space][vc_custom_heading text=&#8220;Zahn\u00e4sthetik&#8220;][\/vc_column][\/vc_row][vc_row][vc_column width=&#8220;1\/2&#8243;][vc_empty_space][vc_column_text]Die Zahn\u00e4sthetik ist der Zweig der Zahnmedizin, die sich mit dem Aussehen der Z\u00e4hne und der visuellen Verbesserung des L\u00e4chelns befasst. Die Zahn\u00e4sthetik zielt darauf ab, durch die angewandten Verfahren wie Zahnkronen, Inlays, Dentalveneers, Implantate und professionelle Zahnaufhellung das optische Erscheinungsbild der Z\u00e4hne wiederherzustellen und zu verbessern, und somit ein \u201eUnvergessliches L\u00e4cheln\u201d zu erzielen!<\/p>\n<p><span id=\"fbPhotoSnowliftCaption\" class=\"fbPhotosPhotoCaption\" tabindex=\"0\" aria-live=\"polite\" data-ft=\"{&quot;tn&quot;:&quot;K&quot;}\"><span class=\"hasCaption\">\u00a0<\/span><\/span>[\/vc_column_text][\/vc_column][vc_column width=&#8220;1\/2&#8243;][vc_single_image image=&#8220;3310&#8243; img_size=&#8220;full&#8220; alignment=&#8220;center&#8220;][\/vc_column][\/vc_row][vc_row][vc_column]<div  class=\"rt-separator element-two \" data-separator-width=\"100%\" data-separator-color=\"#000000\" data-separator-background=\"#ffffff\" data-separator-direction=\"center\"><div class=\"block\"><div class=\"gap\"><\/div><div class=\"bar\"><\/div><\/div><\/div>[vc_custom_heading text=&#8220;Professionelle Zahnaufhellung&#8220;][\/vc_column][\/vc_row][vc_row][vc_column width=&#8220;1\/2&#8243;][vc_single_image image=&#8220;3311&#8243; img_size=&#8220;full&#8220; alignment=&#8220;center&#8220;][vc_empty_space][\/vc_column][vc_column width=&#8220;1\/2&#8243;][vc_column_text]Wir verwenden in der Medentis Zahnklinik die Aufhellungstechnik mit Aufhellungsbeschleuniger und Laseraufhellung. Im Gegensatz zu den anderen klassischen Techniken wird das Aufhellungsgel durch eine sehr intensive blaue Lichtquelle aktiviert, die mit einem fortschrittlichen Filtersystem ausgestattet ist, das vollen Komfort und eine niedrigere Betriebstemperatur gew\u00e4hrleistet. Somit wird das Risiko einer Zahnempfindlichkeit verringert! Garantierte Ergebnisse f\u00fcr einen gleichm\u00e4\u00dfigen Wei\u00dfgrad, der jedem Aufhellungssystem \u00fcberlegen ist![\/vc_column_text][\/vc_column][\/vc_row][vc_row][vc_column width=&#8220;1\/2&#8243; css=&#8220;.vc_custom_1554053535061{margin-bottom: 20px !important;}&#8220;]\r<!-- radiantthemes-button -->\r<div class=\"radiantthemes-button hover-style-two  wpb_animate_when_almost_visible wpb_bounce bounce \"  data-button-direction=\"center\" data-button-fullwidth=\"true\" ><a style=\"\" class=\"radiantthemes-button-main\" href=\"https:\/\/medentis.ro\/contact\/\"  title=\"\" target=\"_self\"><div class=\"overlay\"><\/div><div class=\"placeholder\">Termin vereinbaren oder Informationen anfordern<\/div><\/a><\/div>\r<!-- radiantthemes-button -->\r[\/vc_column][vc_column width=&#8220;1\/2&#8243;]\r<!-- radiantthemes-button -->\r<div class=\"radiantthemes-button hover-style-two  wpb_animate_when_almost_visible wpb_bounce bounce \"  data-button-direction=\"center\" data-button-fullwidth=\"true\" ><a style=\"\" class=\"radiantthemes-button-main\" href=\"https:\/\/medentis.ro\/servicii-stomatologice\/\"  title=\"Servicii stomatologice clinica Medentis\" target=\"_self\"><div class=\"overlay\"><\/div><div class=\"placeholder\">Zur\u00fcck zu den Dienstleistungen<\/div><\/a><\/div>\r<!-- radiantthemes-button -->\r[\/vc_column][\/vc_row]<\/p>","protected":false},"excerpt":{"rendered":"<p>[vc_row][vc_column][vc_empty_space][vc_custom_heading text=&#8220;Zahn\u00e4sthetik&#8220;][\/vc_column][\/vc_row][vc_row][vc_column width=&#8220;1\/2&#8243;][vc_empty_space][vc_column_text]Die Zahn\u00e4sthetik ist der Zweig der Zahnmedizin, die sich mit dem Aussehen der Z\u00e4hne und der visuellen Verbesserung des L\u00e4chelns befasst. Die Zahn\u00e4sthetik zielt darauf ab, durch die angewandten Verfahren wie Zahnkronen, Inlays, Dentalveneers, Implantate und professionelle Zahnaufhellung das optische Erscheinungsbild der Z\u00e4hne wiederherzustellen und zu verbessern, und somit ein \u201eUnvergessliches L\u00e4cheln\u201d zu [&hellip;]<\/p>\n","protected":false},"author":1,"featured_media":0,"parent":0,"menu_order":0,"comment_status":"closed","ping_status":"closed","template":"","meta":{"_monsterinsights_skip_tracking":false,"_monsterinsights_sitenote_active":false,"_monsterinsights_sitenote_note":"","_monsterinsights_sitenote_category":0,"footnotes":""},"class_list":["post-3309","page","type-page","status-publish","hentry"],"_links":{"self":[{"href":"https:\/\/medentis.ro\/de\/wp-json\/wp\/v2\/pages\/3309","targetHints":{"allow":["GET"]}}],"collection":[{"href":"https:\/\/medentis.ro\/de\/wp-json\/wp\/v2\/pages"}],"about":[{"href":"https:\/\/medentis.ro\/de\/wp-json\/wp\/v2\/types\/page"}],"author":[{"embeddable":true,"href":"https:\/\/medentis.ro\/de\/wp-json\/wp\/v2\/users\/1"}],"replies":[{"embeddable":true,"href":"https:\/\/medentis.ro\/de\/wp-json\/wp\/v2\/comments?post=3309"}],"version-history":[{"count":0,"href":"https:\/\/medentis.ro\/de\/wp-json\/wp\/v2\/pages\/3309\/revisions"}],"wp:attachment":[{"href":"https:\/\/medentis.ro\/de\/wp-json\/wp\/v2\/media?parent=3309"}],"curies":[{"name":"wp","href":"https:\/\/api.w.org\/{rel}","templated":true}]}}