{"id":3300,"date":"2019-03-31T20:52:45","date_gmt":"2019-03-31T20:52:45","guid":{"rendered":"https:\/\/medentis.ro\/?page_id=3300"},"modified":"2020-03-06T13:12:55","modified_gmt":"2020-03-06T13:12:55","slug":"pedodontie","status":"publish","type":"page","link":"https:\/\/medentis.ro\/de\/pedodontie\/","title":{"rendered":"Pedodontie"},"content":{"rendered":"<p>[vc_row][vc_column][vc_empty_space][vc_custom_heading text=&#8220;Kinderzahnmedizin &#8222;][\/vc_column][\/vc_row][vc_row][vc_column width=&#8220;1\/2&#8220;][vc_empty_space][vc_column_text]Kinder haben andere zahn\u00e4rztliche Bed\u00fcrfnisse und Probleme als die Erwachsenen und m\u00fcssen von \u00c4rzten f\u00fcr Kinderzahnmedizin behandelt werden. Die Kinderzahnmedizin ist die zahn\u00e4rztliche Fachrichtung, die sich mit der Behandlung und Vorbeugung von Erkrankungen befasst, die f\u00fcr das vor\u00fcbergehende Gebiss bei Kindern und das dauerhafte Gebiss bei Jugendlichen spezifisch sind.<\/p>\n<p>Die Gesundheit und Unversehrtheit eines tempor\u00e4ren Zahns (\u201eMilchzahn\u201d) gew\u00e4hrleistet die Gesundheit des permanenten Zahns, der seinen Platz einnimmt. Die Medentis Zahnklinik wurde von Anfang an als besonderer Ort f\u00fcr Kinder entworfen.<\/p>\n<p><span id=\"fbPhotoSnowliftCaption\" class=\"fbPhotosPhotoCaption\" tabindex=\"0\" aria-live=\"polite\" data-ft=\"{&quot;tn&quot;:&quot;K&quot;}\"><span class=\"hasCaption\">\u00a0<\/span><\/span>[\/vc_column_text][\/vc_column][vc_column width=&#8220;1\/2&#8243;][vc_single_image image=&#8220;3303&#8243; img_size=&#8220;full&#8220; alignment=&#8220;center&#8220;][\/vc_column][\/vc_row][vc_row][vc_column width=&#8220;1\/2&#8243; css=&#8220;.vc_custom_1554053535061{margin-bottom: 20px !important;}&#8220;]\r<!-- radiantthemes-button -->\r<div class=\"radiantthemes-button hover-style-two  wpb_animate_when_almost_visible wpb_bounce bounce \"  data-button-direction=\"center\" data-button-fullwidth=\"true\" ><a style=\"\" class=\"radiantthemes-button-main\" href=\"https:\/\/medentis.ro\/contact\/\"  title=\"\" target=\"_self\"><div class=\"overlay\"><\/div><div class=\"placeholder\">Termin vereinbaren oder Informationen anfordern<\/div><\/a><\/div>\r<!-- radiantthemes-button -->\r[\/vc_column][vc_column width=&#8220;1\/2&#8243;]\r<!-- radiantthemes-button -->\r<div class=\"radiantthemes-button hover-style-two  wpb_animate_when_almost_visible wpb_bounce bounce \"  data-button-direction=\"center\" data-button-fullwidth=\"true\" ><a style=\"\" class=\"radiantthemes-button-main\" href=\"https:\/\/medentis.ro\/contact\/\"  title=\"\" target=\"_self\"><div class=\"overlay\"><\/div><div class=\"placeholder\">Zur\u00fcck zu den Dienstleistungen<\/div><\/a><\/div>\r<!-- radiantthemes-button -->\r[\/vc_column][\/vc_row]<\/p>","protected":false},"excerpt":{"rendered":"<p>[vc_row][vc_column][vc_empty_space][vc_custom_heading text=&#8220;Kinderzahnmedizin &#8222;][\/vc_column][\/vc_row][vc_row][vc_column width=&#8220;1\/2&#8220;][vc_empty_space][vc_column_text]Kinder haben andere zahn\u00e4rztliche Bed\u00fcrfnisse und Probleme als die Erwachsenen und m\u00fcssen von \u00c4rzten f\u00fcr Kinderzahnmedizin behandelt werden. Die Kinderzahnmedizin ist die zahn\u00e4rztliche Fachrichtung, die sich mit der Behandlung und Vorbeugung von Erkrankungen befasst, die f\u00fcr das vor\u00fcbergehende Gebiss bei Kindern und das dauerhafte Gebiss bei Jugendlichen spezifisch sind. Die Gesundheit und [&hellip;]<\/p>\n","protected":false},"author":1,"featured_media":0,"parent":0,"menu_order":0,"comment_status":"closed","ping_status":"closed","template":"","meta":{"_monsterinsights_skip_tracking":false,"_monsterinsights_sitenote_active":false,"_monsterinsights_sitenote_note":"","_monsterinsights_sitenote_category":0,"footnotes":""},"class_list":["post-3300","page","type-page","status-publish","hentry"],"_links":{"self":[{"href":"https:\/\/medentis.ro\/de\/wp-json\/wp\/v2\/pages\/3300","targetHints":{"allow":["GET"]}}],"collection":[{"href":"https:\/\/medentis.ro\/de\/wp-json\/wp\/v2\/pages"}],"about":[{"href":"https:\/\/medentis.ro\/de\/wp-json\/wp\/v2\/types\/page"}],"author":[{"embeddable":true,"href":"https:\/\/medentis.ro\/de\/wp-json\/wp\/v2\/users\/1"}],"replies":[{"embeddable":true,"href":"https:\/\/medentis.ro\/de\/wp-json\/wp\/v2\/comments?post=3300"}],"version-history":[{"count":0,"href":"https:\/\/medentis.ro\/de\/wp-json\/wp\/v2\/pages\/3300\/revisions"}],"wp:attachment":[{"href":"https:\/\/medentis.ro\/de\/wp-json\/wp\/v2\/media?parent=3300"}],"curies":[{"name":"wp","href":"https:\/\/api.w.org\/{rel}","templated":true}]}}