{"id":3288,"date":"2019-03-31T17:33:14","date_gmt":"2019-03-31T17:33:14","guid":{"rendered":"https:\/\/medentis.ro\/?page_id=3288"},"modified":"2020-03-06T13:07:08","modified_gmt":"2020-03-06T13:07:08","slug":"implantologie","status":"publish","type":"page","link":"https:\/\/medentis.ro\/de\/implantologie\/","title":{"rendered":"Implantologie"},"content":{"rendered":"<p>[vc_row][vc_column][vc_empty_space][vc_custom_heading text=&#8220;Implantologie&#8220;][\/vc_column][\/vc_row][vc_row][vc_column width=&#8220;1\/2&#8243;][vc_empty_space][vc_column_text]Der Erfolg und die Festigkeit eines Implantats h\u00e4ngen in hohem Ma\u00dfe von der Qualit\u00e4t der Materialien und der verwendeten Technologie ab. Wir verwenden in der Medentis Zahnklinik die MegaGen AnyRidge Implantate und die fortschrittlichste XPEED-Oberfl\u00e4chenbehandlung, die mit Calciumionen angereichert ist. Die MegaGen AnyRidge Implantate bieten eine hervorragende Prim\u00e4r- und Sekund\u00e4rstabilit\u00e4t, und die 5-Grad-Verbindung schlie\u00dft das Risiko des Aufschraubens des prothetischen Stumpfes aus und verringert das Risiko einer Periimplantitis erheblich.[\/vc_column_text][\/vc_column][vc_column width=&#8220;1\/2&#8243;][vc_single_image image=&#8220;3252&#8243; img_size=&#8220;full&#8220; alignment=&#8220;center&#8220;][\/vc_column][\/vc_row][vc_row][vc_column width=&#8220;1\/2&#8243; css=&#8220;.vc_custom_1554053535061{margin-bottom: 20px !important;}&#8220;]\r<!-- radiantthemes-button -->\r<div class=\"radiantthemes-button hover-style-two  wpb_animate_when_almost_visible wpb_bounce bounce \"  data-button-direction=\"center\" data-button-fullwidth=\"true\" ><a style=\"\" class=\"radiantthemes-button-main\" href=\"https:\/\/medentis.ro\/contact\/\"  title=\"\" target=\"_self\"><div class=\"overlay\"><\/div><div class=\"placeholder\">Termin vereinbaren oder Informationen anfordern<\/div><\/a><\/div>\r<!-- radiantthemes-button -->\r[\/vc_column][vc_column width=&#8220;1\/2&#8243;]\r<!-- radiantthemes-button -->\r<div class=\"radiantthemes-button hover-style-two  wpb_animate_when_almost_visible wpb_bounce bounce \"  data-button-direction=\"center\" data-button-fullwidth=\"true\" ><a style=\"\" class=\"radiantthemes-button-main\" href=\"https:\/\/medentis.ro\/servicii-stomatologice\/\"  title=\"\" target=\"_self\"><div class=\"overlay\"><\/div><div class=\"placeholder\">Zur\u00fcck zu den Dienstleistungen<\/div><\/a><\/div>\r<!-- radiantthemes-button -->\r[\/vc_column][\/vc_row]<\/p>","protected":false},"excerpt":{"rendered":"<p>[vc_row][vc_column][vc_empty_space][vc_custom_heading text=&#8220;Implantologie&#8220;][\/vc_column][\/vc_row][vc_row][vc_column width=&#8220;1\/2&#8243;][vc_empty_space][vc_column_text]Der Erfolg und die Festigkeit eines Implantats h\u00e4ngen in hohem Ma\u00dfe von der Qualit\u00e4t der Materialien und der verwendeten Technologie ab. Wir verwenden in der Medentis Zahnklinik die MegaGen AnyRidge Implantate und die fortschrittlichste XPEED-Oberfl\u00e4chenbehandlung, die mit Calciumionen angereichert ist. Die MegaGen AnyRidge Implantate bieten eine hervorragende Prim\u00e4r- und Sekund\u00e4rstabilit\u00e4t, und die 5-Grad-Verbindung [&hellip;]<\/p>\n","protected":false},"author":1,"featured_media":0,"parent":0,"menu_order":0,"comment_status":"closed","ping_status":"closed","template":"","meta":{"_monsterinsights_skip_tracking":false,"_monsterinsights_sitenote_active":false,"_monsterinsights_sitenote_note":"","_monsterinsights_sitenote_category":0,"footnotes":""},"class_list":["post-3288","page","type-page","status-publish","hentry"],"_links":{"self":[{"href":"https:\/\/medentis.ro\/de\/wp-json\/wp\/v2\/pages\/3288","targetHints":{"allow":["GET"]}}],"collection":[{"href":"https:\/\/medentis.ro\/de\/wp-json\/wp\/v2\/pages"}],"about":[{"href":"https:\/\/medentis.ro\/de\/wp-json\/wp\/v2\/types\/page"}],"author":[{"embeddable":true,"href":"https:\/\/medentis.ro\/de\/wp-json\/wp\/v2\/users\/1"}],"replies":[{"embeddable":true,"href":"https:\/\/medentis.ro\/de\/wp-json\/wp\/v2\/comments?post=3288"}],"version-history":[{"count":0,"href":"https:\/\/medentis.ro\/de\/wp-json\/wp\/v2\/pages\/3288\/revisions"}],"wp:attachment":[{"href":"https:\/\/medentis.ro\/de\/wp-json\/wp\/v2\/media?parent=3288"}],"curies":[{"name":"wp","href":"https:\/\/api.w.org\/{rel}","templated":true}]}}